{"id":277,"date":"2023-12-15T11:05:45","date_gmt":"2023-12-15T11:05:45","guid":{"rendered":"https:\/\/otterdigital.es\/?page_id=277"},"modified":"2023-12-15T11:15:13","modified_gmt":"2023-12-15T11:15:13","slug":"aviso-legal","status":"publish","type":"page","link":"https:\/\/otterdigital.es\/en\/aviso-legal\/","title":{"rendered":"Legal Warning"},"content":{"rendered":"<div data-elementor-type=\"wp-page\" data-elementor-id=\"277\" class=\"elementor elementor-277\" data-elementor-post-type=\"page\">\n\t\t\t\t\t\t<section class=\"elementor-section elementor-top-section elementor-element elementor-element-501607d6 elementor-section-content-middle elementor-section-boxed elementor-section-height-default elementor-section-height-default\" data-id=\"501607d6\" data-element_type=\"section\" data-e-type=\"section\" data-settings=\"{&quot;background_background&quot;:&quot;classic&quot;}\">\n\t\t\t\t\t\t\t<div class=\"elementor-background-overlay\"><\/div>\n\t\t\t\t\t\t\t<div class=\"elementor-container elementor-column-gap-no\">\n\t\t\t\t\t<div class=\"elementor-column elementor-col-100 elementor-top-column elementor-element elementor-element-6a2746cf\" data-id=\"6a2746cf\" data-element_type=\"column\" data-e-type=\"column\">\n\t\t\t<div class=\"elementor-widget-wrap elementor-element-populated\">\n\t\t\t\t\t\t<div class=\"elementor-element elementor-element-27f3f908 elementor-widget elementor-widget-theme-post-title elementor-page-title elementor-widget-heading\" data-id=\"27f3f908\" data-element_type=\"widget\" data-e-type=\"widget\" data-widget_type=\"theme-post-title.default\">\n\t\t\t\t<div class=\"elementor-widget-container\">\n\t\t\t\t\t<h1 class=\"elementor-heading-title elementor-size-default\">Legal Warning<\/h1>\t\t\t\t<\/div>\n\t\t\t\t<\/div>\n\t\t\t\t<div class=\"elementor-element elementor-element-3ab49b9 elementor-widget elementor-widget-text-editor\" data-id=\"3ab49b9\" data-element_type=\"widget\" data-e-type=\"widget\" data-widget_type=\"text-editor.default\">\n\t\t\t\t<div class=\"elementor-widget-container\">\n\t\t\t\t\t\t\t\t\t<p><span style=\"font-weight: 400;\">Bienvenido a la p\u00e1gina Web de ASOCIACI\u00d3N ESTUDIANTIL JUNIOR EMPRESA ATLAS con NIF G72683840 y domicilio en Plaza Leandro Agirretxe 1 de la localidad de Ir\u00fan. Contacto mediante mail en info@nareteamcompany.com e inscrita en el Registro de Asociaciones con el n\u00famer<\/span><span style=\"font-weight: 400;\">o <\/span><span style=\"font-weight: 400;\">A<\/span><span style=\"font-weight: 400;\">S\/G\/24588\/2022<\/span><span style=\"font-weight: 400;\">.\u00a0<\/span><\/p><p><b>Propiedad Intelectual\u00a0<\/b><\/p><p><span style=\"font-weight: 400;\">Los contenidos de este sitio Web, textos, im\u00e1genes, sonidos, animaciones, etc. as\u00ed como su dise\u00f1o gr\u00e1fico y su c\u00f3digo fuente est\u00e1n protegidos por la legislaci\u00f3n espa\u00f1ola sobre los derechos de propiedad intelectual e industrial a favor de las sociedades que conforman ATLAS. Queda por tanto prohibida su reproducci\u00f3n, distribuci\u00f3n o comunicaci\u00f3n p\u00fablica, total o parcial, sin la autorizaci\u00f3n expresa de ATLAS.\u00a0<\/span><\/p><p><b>Contenido de la Web y enlaces\u00a0<\/b><\/p><p><span style=\"font-weight: 400;\">En ATLAS no nos responsabilizamos del mal uso que se realice de los contenidos de nuestra p\u00e1gina Web, siendo exclusiva responsabilidad de la persona que accede a ellos o los utiliza. Tampoco asumimos ninguna responsabilidad por la informaci\u00f3n contenida en las p\u00e1ginas Web de terceros a las que se pueda acceder por enlaces o buscadores desde este sitio Web.\u00a0<\/span><\/p><p><b>Actualizaci\u00f3n y modificaci\u00f3n de la p\u00e1gina Web\u00a0<\/b><\/p><p><span style=\"font-weight: 400;\">ATLAS, se reserva el derecho a modificar o eliminar, sin previo aviso, tanto la informaci\u00f3n contenida en su sitio Web como su configuraci\u00f3n y presentaci\u00f3n, sin asumir responsabilidad alguna por ello.\u00a0<\/span><\/p><p><b>Indicaciones sobre aspectos t\u00e9cnicos\u00a0<\/b><\/p><p><span style=\"font-weight: 400;\">ATLAS no asume ninguna responsabilidad que se pueda derivar de problemas t\u00e9cnicos o fallos en los equipos inform\u00e1ticos que se produzcan durante la conexi\u00f3n a la red de Internet, as\u00ed como de da\u00f1os que pudieran ser causados por terceras personas mediante intromisiones ileg\u00edtimas fuera del control de ATLAS. Tambi\u00e9n quedamos exonerados de toda responsabilidad ante posibles da\u00f1os o perjuicios que pueda sufrir el usuario a consecuencia de errores, defectos u omisiones en la informaci\u00f3n que facilitemos cuando proceda de fuentes ajenas a nosotros.\u00a0<\/span><\/p><p><span style=\"font-weight: 400;\">Marzo 2023.<\/span><\/p>\t\t\t\t\t\t\t\t<\/div>\n\t\t\t\t<\/div>\n\t\t\t\t\t<\/div>\n\t\t<\/div>\n\t\t\t\t\t<\/div>\n\t\t<\/section>\n\t\t\t\t<\/div>","protected":false},"excerpt":{"rendered":"<p>Bienvenido a la p\u00e1gina Web de ASOCIACI\u00d3N ESTUDIANTIL JUNIOR EMPRESA ATLAS con NIF G72683840 y domicilio en Plaza Leandro Agirretxe 1 de la localidad de Ir\u00fan. Contacto mediante mail en info@nareteamcompany.com e inscrita en el Registro de Asociaciones con el n\u00famero AS\/G\/24588\/2022.\u00a0 Propiedad Intelectual\u00a0 Los contenidos de este sitio Web, textos, im\u00e1genes, sonidos, animaciones, etc. [&hellip;]<\/p>","protected":false},"author":1,"featured_media":0,"parent":0,"menu_order":0,"comment_status":"closed","ping_status":"closed","template":"","meta":{"footnotes":""},"class_list":["post-277","page","type-page","status-publish","hentry"],"_links":{"self":[{"href":"https:\/\/otterdigital.es\/en\/wp-json\/wp\/v2\/pages\/277","targetHints":{"allow":["GET"]}}],"collection":[{"href":"https:\/\/otterdigital.es\/en\/wp-json\/wp\/v2\/pages"}],"about":[{"href":"https:\/\/otterdigital.es\/en\/wp-json\/wp\/v2\/types\/page"}],"author":[{"embeddable":true,"href":"https:\/\/otterdigital.es\/en\/wp-json\/wp\/v2\/users\/1"}],"replies":[{"embeddable":true,"href":"https:\/\/otterdigital.es\/en\/wp-json\/wp\/v2\/comments?post=277"}],"version-history":[{"count":7,"href":"https:\/\/otterdigital.es\/en\/wp-json\/wp\/v2\/pages\/277\/revisions"}],"predecessor-version":[{"id":301,"href":"https:\/\/otterdigital.es\/en\/wp-json\/wp\/v2\/pages\/277\/revisions\/301"}],"wp:attachment":[{"href":"https:\/\/otterdigital.es\/en\/wp-json\/wp\/v2\/media?parent=277"}],"curies":[{"name":"wp","href":"https:\/\/api.w.org\/{rel}","templated":true}]}}