{"id":293,"date":"2023-12-15T11:10:47","date_gmt":"2023-12-15T11:10:47","guid":{"rendered":"https:\/\/otterdigital.es\/?page_id=293"},"modified":"2023-12-15T11:14:23","modified_gmt":"2023-12-15T11:14:23","slug":"politica-de-privacidad","status":"publish","type":"page","link":"https:\/\/otterdigital.es\/en\/politica-de-privacidad\/","title":{"rendered":"Privacy Policy"},"content":{"rendered":"<div data-elementor-type=\"wp-page\" data-elementor-id=\"293\" class=\"elementor elementor-293\" data-elementor-post-type=\"page\">\n\t\t\t\t\t\t<section class=\"elementor-section elementor-top-section elementor-element elementor-element-70d12e11 elementor-section-content-middle elementor-section-boxed elementor-section-height-default elementor-section-height-default\" data-id=\"70d12e11\" data-element_type=\"section\" data-e-type=\"section\" data-settings=\"{&quot;background_background&quot;:&quot;classic&quot;}\">\n\t\t\t\t\t\t\t<div class=\"elementor-background-overlay\"><\/div>\n\t\t\t\t\t\t\t<div class=\"elementor-container elementor-column-gap-no\">\n\t\t\t\t\t<div class=\"elementor-column elementor-col-100 elementor-top-column elementor-element elementor-element-37cc8b15\" data-id=\"37cc8b15\" data-element_type=\"column\" data-e-type=\"column\">\n\t\t\t<div class=\"elementor-widget-wrap elementor-element-populated\">\n\t\t\t\t\t\t<div class=\"elementor-element elementor-element-f6c9909 elementor-widget elementor-widget-theme-post-title elementor-page-title elementor-widget-heading\" data-id=\"f6c9909\" data-element_type=\"widget\" data-e-type=\"widget\" data-widget_type=\"theme-post-title.default\">\n\t\t\t\t<div class=\"elementor-widget-container\">\n\t\t\t\t\t<h1 class=\"elementor-heading-title elementor-size-default\">Privacy Policy<\/h1>\t\t\t\t<\/div>\n\t\t\t\t<\/div>\n\t\t\t\t<div class=\"elementor-element elementor-element-b72df49 elementor-widget elementor-widget-text-editor\" data-id=\"b72df49\" data-element_type=\"widget\" data-e-type=\"widget\" data-widget_type=\"text-editor.default\">\n\t\t\t\t<div class=\"elementor-widget-container\">\n\t\t\t\t\t\t\t\t\t<p><b>Identificaci\u00f3n del responsable:\u00a0<\/b><\/p><p><span style=\"font-weight: 400;\">ASOCIACI\u00d3N ESTUDIANTIL JUNIOR EMPRESA ATLAS (en adelante, ATLAS) con NIF G72683840\u00a0 y domicilio en Leandro Agirretxe Plazatxoa, 1, 20304, Irun, Espa\u00f1a.\u00a0<\/span><\/p><p><span style=\"font-weight: 400;\">Contacto: info@nareteamcompany.com<\/span><\/p><p><b>\u00bfQui\u00e9n es el Responsable del tratamiento de sus datos?\u00a0<\/b><\/p><p><span style=\"font-weight: 400;\">La presente pol\u00edtica de privacidad aplica a todos los datos de car\u00e1cter personal que el interesado aporte a ATLAS, as\u00ed como a toda persona f\u00edsica interesada en las actividades y servicios que ATLAS ofrece a trav\u00e9s de sus p\u00e1ginas web y a trav\u00e9s de cualquier otro medio de comunicaci\u00f3n. El objetivo de la Pol\u00edtica de Privacidad de ATLAS es dar transparencia a la informaci\u00f3n de c\u00f3mo tratamos sus datos personales en cumplimiento de la normativa vigente en protecci\u00f3n de datos.\u00a0<\/span><\/p><p><span style=\"font-weight: 400;\">El interesado podr\u00e1 ponerse en contacto con ATLAS a trav\u00e9s de la informaci\u00f3n detallada en la identificaci\u00f3n del responsable.\u00a0<\/span><\/p><p><b>\u00bfCon qu\u00e9 finalidad tratamos sus datos personales y con qu\u00e9 legitimaci\u00f3n?\u00a0<\/b><\/p><p><span style=\"font-weight: 400;\">ATLAS <\/span><span style=\"font-weight: 400;\">dispone de un Registro de Actividades de Tratamiento donde se detallan cada uno de los siguientes tratamientos realizados como responsable de tratamiento:<\/span><\/p><table><tbody><tr><td><p><b>TRATAMIENTO\u00a0<\/b><\/p><p><b>RGPD<\/b><\/p><\/td><td><p><b>FINALIDAD RGPD BASE LEG\u00cdTIMA<\/b><\/p><\/td><\/tr><tr><td><p><b>Personas\u00a0<\/b><\/p><p><b>Asociadas<\/b><\/p><\/td><td><p><span style=\"font-weight: 400;\">Gesti\u00f3n de las personas\u00a0<\/span><\/p><p><span style=\"font-weight: 400;\">Art 6.1 b) el\u00a0<\/span><\/p><p><span style=\"font-weight: 400;\">asociadas.\u00a0<\/span><\/p><p><span style=\"font-weight: 400;\">tratamiento es\u00a0<\/span><\/p><p><span style=\"font-weight: 400;\">necesario para la\u00a0<\/span><\/p><p><span style=\"font-weight: 400;\">ejecuci\u00f3n de un\u00a0<\/span><\/p><p><span style=\"font-weight: 400;\">contrato en el que el\u00a0<\/span><\/p><p><span style=\"font-weight: 400;\">interesado es parte o\u00a0<\/span><\/p><p><span style=\"font-weight: 400;\">para la aplicaci\u00f3n a\u00a0<\/span><\/p><p><span style=\"font-weight: 400;\">petici\u00f3n de este de<\/span><\/p><\/td><\/tr><\/tbody><\/table><p><br \/><br \/><\/p><table><tbody><tr><td>\u00a0<\/td><td><p><span style=\"font-weight: 400;\">medidas\u00a0<\/span><\/p><p><span style=\"font-weight: 400;\">precontractuales.<\/span><\/p><\/td><\/tr><tr><td><p><span style=\"font-weight: 400;\">Personas de\u00a0<\/span><\/p><p><span style=\"font-weight: 400;\">Contact<\/span><\/p><\/td><td><p><span style=\"font-weight: 400;\">Gesti\u00f3n de la base de datos de\u00a0<\/span><\/p><p><span style=\"font-weight: 400;\">Art. 6.1 f) el\u00a0<\/span><\/p><p><span style=\"font-weight: 400;\">contactos (personas vinculadas a\u00a0<\/span><\/p><p><span style=\"font-weight: 400;\">tratamiento es\u00a0<\/span><\/p><p><span style=\"font-weight: 400;\">clientes, proveedores,\u00a0<\/span><\/p><p><span style=\"font-weight: 400;\">necesario para la\u00a0<\/span><\/p><p><span style=\"font-weight: 400;\">instituciones, administraciones\u00a0<\/span><\/p><p><span style=\"font-weight: 400;\">satisfacci\u00f3n de\u00a0<\/span><\/p><p><span style=\"font-weight: 400;\">p\u00fablicas y sociedades en general.)\u00a0<\/span><\/p><p><span style=\"font-weight: 400;\">intereses leg\u00edtimos\u00a0<\/span><\/p><p><span style=\"font-weight: 400;\">perseguidos por el\u00a0<\/span><\/p><p><span style=\"font-weight: 400;\">responsable de\u00a0<\/span><\/p><p><span style=\"font-weight: 400;\">tratamiento o por un\u00a0<\/span><\/p><p><span style=\"font-weight: 400;\">tercero.<\/span><\/p><\/td><\/tr><tr><td><p><span style=\"font-weight: 400;\">Gestion de eventos. Usuarios Web\u00a0<\/span><\/p><\/td><td><p><span style=\"font-weight: 400;\">Inscripci\u00f3n y gesti\u00f3n de asistentes\u00a0<\/span><\/p><p><span style=\"font-weight: 400;\">Art 6.1 a) el\u00a0<\/span><\/p><p><span style=\"font-weight: 400;\">a eventos.\u00a0<\/span><\/p><p><span style=\"font-weight: 400;\">interesado dio su\u00a0<\/span><\/p><p><span style=\"font-weight: 400;\">consentimiento para el\u00a0<\/span><\/p><p><span style=\"font-weight: 400;\">tratamiento de sus\u00a0<\/span><\/p><p><span style=\"font-weight: 400;\">datos personales para\u00a0<\/span><\/p><p><span style=\"font-weight: 400;\">uno o varios fines\u00a0<\/span><\/p><p><span style=\"font-weight: 400;\">espec\u00edficos.\u00a0<\/span><\/p><p><span style=\"font-weight: 400;\">Gesti\u00f3n de los solicitantes de\u00a0<\/span><\/p><p><span style=\"font-weight: 400;\">Art. 6.1 f) el\u00a0<\/span><\/p><p><span style=\"font-weight: 400;\">informaci\u00f3n y contacto de la web.\u00a0<\/span><\/p><p><span style=\"font-weight: 400;\">tratamiento es\u00a0<\/span><\/p><p><span style=\"font-weight: 400;\">necesario para la\u00a0<\/span><\/p><p><span style=\"font-weight: 400;\">satisfacci\u00f3n de\u00a0<\/span><\/p><p><span style=\"font-weight: 400;\">intereses leg\u00edtimos\u00a0<\/span><\/p><p><span style=\"font-weight: 400;\">perseguidos por el\u00a0<\/span><\/p><p><span style=\"font-weight: 400;\">responsable de\u00a0<\/span><\/p><p><span style=\"font-weight: 400;\">tratamiento o por un\u00a0<\/span><\/p><p><span style=\"font-weight: 400;\">tercero.<\/span><\/p><\/td><\/tr><tr><td><p><span style=\"font-weight: 400;\">Consumidores y\u00a0<\/span><\/p><p><span style=\"font-weight: 400;\">servicios de atenci\u00f3n al cliente.<\/span><\/p><\/td><td><p><span style=\"font-weight: 400;\">Gesti\u00f3n de los consumidores que\u00a0<\/span><\/p><p><span style=\"font-weight: 400;\">Art 6.1 b) el\u00a0<\/span><\/p><p><span style=\"font-weight: 400;\">adquieren productos en la tienda\u00a0<\/span><\/p><p><span style=\"font-weight: 400;\">tratamiento es\u00a0<\/span><\/p><p><span style=\"font-weight: 400;\">on-line.\u00a0<\/span><\/p><p><span style=\"font-weight: 400;\">necesario para la\u00a0<\/span><\/p><p><span style=\"font-weight: 400;\">ejecuci\u00f3n de un\u00a0<\/span><\/p><p><span style=\"font-weight: 400;\">contrato en el que el\u00a0<\/span><\/p><p><span style=\"font-weight: 400;\">interesado es parte o\u00a0<\/span><\/p><p><span style=\"font-weight: 400;\">para la aplicaci\u00f3n a\u00a0<\/span><\/p><p><span style=\"font-weight: 400;\">petici\u00f3n de este de<\/span><\/p><\/td><\/tr><\/tbody><\/table><p><br \/><br \/><\/p><table><tbody><tr><td>\u00a0<\/td><td><p><span style=\"font-weight: 400;\">medidas\u00a0<\/span><\/p><p><span style=\"font-weight: 400;\">precontractuales.<\/span><\/p><\/td><\/tr><tr><td><p><span style=\"font-weight: 400;\">Administracion\u00a0<\/span><\/p><\/td><td><p><span style=\"font-weight: 400;\">Gesti\u00f3n administrativa y contable\u00a0<\/span><\/p><p><span style=\"font-weight: 400;\">Art 6.1 b) el\u00a0<\/span><\/p><p><span style=\"font-weight: 400;\">de los clientes.\u00a0<\/span><\/p><p><span style=\"font-weight: 400;\">tratamiento es\u00a0<\/span><\/p><p><span style=\"font-weight: 400;\">necesario para la\u00a0<\/span><\/p><p><span style=\"font-weight: 400;\">ejecuci\u00f3n de un\u00a0<\/span><\/p><p><span style=\"font-weight: 400;\">contrato en el que el\u00a0<\/span><\/p><p><span style=\"font-weight: 400;\">interesado es parte o\u00a0<\/span><\/p><p><span style=\"font-weight: 400;\">para la aplicaci\u00f3n a\u00a0<\/span><\/p><p><span style=\"font-weight: 400;\">petici\u00f3n de este de\u00a0<\/span><\/p><p><span style=\"font-weight: 400;\">medidas\u00a0<\/span><\/p><p><span style=\"font-weight: 400;\">precontractuales.<\/span><\/p><\/td><\/tr><tr><td><p><span style=\"font-weight: 400;\">Actividad en la que la asociaci\u00f3n contrata los servicios de un encargado de\u00a0<\/span><\/p><p><span style=\"font-weight: 400;\">tratamiento.<\/span><\/p><\/td><td><p><span style=\"font-weight: 400;\">Recoger la actividad concreta, ej.\u00a0<\/span><\/p><p><span style=\"font-weight: 400;\">Art 6.1 b) el\u00a0<\/span><\/p><p><span style=\"font-weight: 400;\">actividades de marketing.\u00a0<\/span><\/p><p><span style=\"font-weight: 400;\">tratamiento es\u00a0<\/span><\/p><p><span style=\"font-weight: 400;\">necesario para la\u00a0<\/span><\/p><p><span style=\"font-weight: 400;\">ejecuci\u00f3n de un\u00a0<\/span><\/p><p><span style=\"font-weight: 400;\">contrato en el que el\u00a0<\/span><\/p><p><span style=\"font-weight: 400;\">interesado es parte o\u00a0<\/span><\/p><p><span style=\"font-weight: 400;\">para la aplicaci\u00f3n a\u00a0<\/span><\/p><p><span style=\"font-weight: 400;\">petici\u00f3n de este de\u00a0<\/span><\/p><p><span style=\"font-weight: 400;\">medidas\u00a0<\/span><\/p><p><span style=\"font-weight: 400;\">precontractuales.\u00a0<\/span><\/p><p><span style=\"font-weight: 400;\">Art. 6.1 f) el\u00a0<\/span><\/p><p><span style=\"font-weight: 400;\">tratamiento es\u00a0<\/span><\/p><p><span style=\"font-weight: 400;\">necesario para la\u00a0<\/span><\/p><p><span style=\"font-weight: 400;\">satisfacci\u00f3n de\u00a0<\/span><\/p><p><span style=\"font-weight: 400;\">intereses leg\u00edtimos\u00a0<\/span><\/p><p><span style=\"font-weight: 400;\">perseguidos por el\u00a0<\/span><\/p><p><span style=\"font-weight: 400;\">responsable de\u00a0<\/span><\/p><p><span style=\"font-weight: 400;\">tratamiento o por un\u00a0<\/span><\/p><p><span style=\"font-weight: 400;\">tercero.<\/span><\/p><\/td><\/tr><\/tbody><\/table><p><br \/><br \/><\/p><p><span style=\"font-weight: 400;\">En el caso, debidamente justificado, que requiera conocer mayor detalle en cuanto al Registro de Actividades de Tratamiento puede dirigirse a ATLAS mediante cualquiera de los canales identificados\u00a0<\/span><\/p><p><b>\u00bfPor cu\u00e1nto tiempo conservamos sus datos personales?<\/b><\/p><p><span style=\"font-weight: 400;\">ATLAS <\/span><span style=\"font-weight: 400;\">conservar\u00e1 los datos de los afectados mientras dure su relaci\u00f3n con la organizaci\u00f3n y posteriormente a la misma, se conservar\u00e1n los datos acorde a lo dispuesto en la normativa de archivo y documentaci\u00f3n que cada legislaci\u00f3n aplicable establezca. En caso de que solicite un derecho se proceder\u00e1 a la supresi\u00f3n de sus datos en funci\u00f3n al derecho que haya solicitado.\u00a0<\/span><\/p><p><b>\u00bfQui\u00e9n tiene acceso a sus datos personales?\u00a0<\/b><\/p><p><span style=\"font-weight: 400;\">ATLAS <\/span><span style=\"font-weight: 400;\">podr\u00e1 realizar cesiones o comunicaciones de datos personales para atender sus obligaciones con las Administraciones P\u00fablicas en los casos que as\u00ed se requiera de acuerdo con la legislaci\u00f3n vigente en cada momento.\u00a0<\/span><\/p><p><b>\u00bfCu\u00e1les son los derechos de los afectados?\u00a0<\/b><\/p><p><span style=\"font-weight: 400;\">Le informamos de que podr\u00e1 ejercer los siguientes derechos:\u00a0<\/span><\/p><ol><li><span style=\"font-weight: 400;\"> Derecho de acceso a sus datos personales para saber cu\u00e1les est\u00e1n siendo objeto de tratamiento;\u00a0<\/span><\/li><li><span style=\"font-weight: 400;\"> Derecho de rectificaci\u00f3n de cualquier dato personal inexacto;\u00a0<\/span><\/li><li><span style=\"font-weight: 400;\"> Derecho de supresi\u00f3n de sus datos personales, cuando esto sea posible; 4. Derecho a solicitar la limitaci\u00f3n del tratamiento de sus datos personales cuando la exactitud, la legalidad o la necesidad del tratamiento de los datos resulte dudosa, en cuyo caso, podremos conservar los datos para el ejercicio o la defensa de reclamaciones.\u00a0<\/span><\/li><li><span style=\"font-weight: 400;\"> Derecho de oposici\u00f3n al tratamiento de sus datos personales, cuando la base legal que nos habilite para su tratamiento sea el inter\u00e9s leg\u00edtimo. <\/span><span style=\"font-weight: 400;\">ATLAS <\/span><span style=\"font-weight: 400;\">dejar\u00e1 de tratar sus datos salvo que tenga un inter\u00e9s leg\u00edtimo imperioso o para la formulaci\u00f3n, el ejercicio o la defensa de reclamaciones.\u00a0<\/span><\/li><li><span style=\"font-weight: 400;\"> Derecho a la portabilidad de sus datos, cuando la base legal que nos habilite para su tratamiento de las indicadas sea su<\/span><span style=\"font-weight: 400;\"> consentimiento.<\/span><\/li><\/ol><p><span style=\"font-weight: 400;\">Dichos derechos podr\u00e1n ser ejercitados gratuitamente por el interesado, y en su caso quien<\/span> <span style=\"font-weight: 400;\">lo represente, mediante solicitud escrita dirigida a info@nareteamcompany.com<\/span><\/p><p><span style=\"font-weight: 400;\">Adem\u00e1s de los anteriores derechos, el interesado tendr\u00e1 derecho a retirar el consentimiento otorgado en cualquier momento sin que dicha retirada de consentimiento afecte a la licitud del tratamiento anterior a la retirada del mismo. <\/span><span style=\"font-weight: 400;\">ATLAS <\/span><span style=\"font-weight: 400;\">podr\u00e1 continuar tratando los datos del interesado en la medida en que la ley aplicable lo permita.\u00a0<\/span><\/p><p><span style=\"font-weight: 400;\">ATLAS <\/span><span style=\"font-weight: 400;\">recuerda al interesado que tiene derecho a presentar una reclamaci\u00f3n ante la Autoridad de Control competente del pa\u00eds en el que se encuentra.\u00a0<\/span><\/p><p><b>Baja en el servicio del env\u00edo de comunicaciones comerciales\u00a0<\/b><\/p><p><span style=\"font-weight: 400;\">El interesado tiene derecho a revocar en cualquier momento el consentimiento prestado para el env\u00edo de comunicaciones comerciales con la simple notificaci\u00f3n a <\/span><span style=\"font-weight: 400;\">ATLAS <\/span><span style=\"font-weight: 400;\">por la cual informa que no desea seg<\/span><span style=\"font-weight: 400;\">uir recibiendo comunicaciones comerciales. Para ello, el<\/span> <span style=\"font-weight: 400;\">interesado podr\u00e1 pinchar en el enlace incluido en cada comunicaci\u00f3n cancelando el env\u00edo<\/span><\/p><p><span style=\"font-weight: 400;\">de comunicaciones comerciales electr\u00f3nicas o bien revocar su consentimiento mediante<\/span> <span style=\"font-weight: 400;\">comunicado a info@nareteamcompany.com<\/span><\/p><p><b>\u00bfQu\u00e9 medidas de seguridad tenemos implementadas?\u00a0<\/b><\/p><p><span style=\"font-weight: 400;\">ATLAS <\/span><span style=\"font-weight: 400;\">se compromete al cumplimiento de su obligaci\u00f3n de secreto de los datos de car\u00e1cter personal y de su deber de guardarlos, y adoptar\u00e1 las medidas necesarias para evitar su alteraci\u00f3n, p\u00e9rdida, tratamiento o acceso no autorizado, de acuerdo con lo establecido por normativa aplicable.\u00a0<\/span><\/p><p><span style=\"font-weight: 400;\">ATLAS <\/span><span style=\"font-weight: 400;\">tiene implantadas las medidas de seguridad de \u00edndole t\u00e9cnica y organizativas necesarias para garantizar la seguridad de sus datos de car\u00e1cter personal y evitar su alteraci\u00f3n, p\u00e9rdida y tratamiento y\/o acceso no autorizado, habida cuenta del estado de la tecnolog\u00eda, la naturaleza de los datos almacenados y los riesgos a que est\u00e1n expuestos, ya provengan de la acci\u00f3n humana o del medio f\u00edsico o natural, de acuerdo a lo establecido por la normativa aplicable.\u00a0<\/span><\/p><p><b>Links\u00a0<\/b><\/p><p><span style=\"font-weight: 400;\">La p\u00e1gina web de <\/span><span style=\"font-weight: 400;\">ATLAS <\/span><span style=\"font-weight: 400;\">puede incluir hiperv\u00ednculos a otros sitios que no son operados o controlados por <\/span><span style=\"font-weight: 400;\">ATLAS<\/span><span style=\"font-weight: 400;\">. Por ello, <\/span><span style=\"font-weight: 400;\">ATLAS <\/span><span style=\"font-weight: 400;\">no garantiza, ni se hace responsable de la licitud, fiabilidad, utilidad, veracidad y actualidad de los contenidos de tales sitios web o de sus pr\u00e1cticas de privacidad. Por favor antes de proporcionar su informaci\u00f3n personal a estos sitios web ajenos a <\/span><span style=\"font-weight: 400;\">ATLAS <\/span><span style=\"font-weight: 400;\">tenga en cuenta que su cumplimiento en materia de protecci\u00f3n de datos puede diferir del nuestro.\u00a0<\/span><\/p><p><b>Modificaci\u00f3n de la Pol\u00edtica de Privacidad\u00a0<\/b><\/p><p><span style=\"font-weight: 400;\">ATLAS <\/span><span style=\"font-weight: 400;\">podr\u00e1 modificar su Pol\u00edtica de Privacidad de acuerdo con la legislaci\u00f3n aplicable en cada momento. En todo caso, cualquier modificaci\u00f3n de la Pol\u00edtica de Privacidad le ser\u00e1 debidamente notificada al Afectado para que, quede informado de los cambios realizados en el tratamiento de sus datos personales y, en caso de que la normativa aplicable as\u00ed lo exija, el Afectado pueda otorgar su consentimiento.\u00a0<\/span><\/p><p><b>\u00daltima actualizaci\u00f3n de la Pol\u00edtica de Privacidad de <\/b><span style=\"font-weight: 400;\">ATLAS <\/span><b>02 de Julio de 2023.<\/b><\/p>\t\t\t\t\t\t\t\t<\/div>\n\t\t\t\t<\/div>\n\t\t\t\t\t<\/div>\n\t\t<\/div>\n\t\t\t\t\t<\/div>\n\t\t<\/section>\n\t\t\t\t<section class=\"elementor-section elementor-top-section elementor-element elementor-element-88877ff elementor-section-boxed elementor-section-height-default elementor-section-height-default\" data-id=\"88877ff\" data-element_type=\"section\" data-e-type=\"section\">\n\t\t\t\t\t\t<div class=\"elementor-container elementor-column-gap-default\">\n\t\t\t\t\t<div class=\"elementor-column elementor-col-100 elementor-top-column elementor-element elementor-element-a8f0313\" data-id=\"a8f0313\" data-element_type=\"column\" data-e-type=\"column\">\n\t\t\t<div class=\"elementor-widget-wrap elementor-element-populated\">\n\t\t\t\t\t\t<section class=\"elementor-section elementor-inner-section elementor-element elementor-element-348c7b2 elementor-section-boxed elementor-section-height-default elementor-section-height-default\" data-id=\"348c7b2\" data-element_type=\"section\" data-e-type=\"section\">\n\t\t\t\t\t\t<div class=\"elementor-container elementor-column-gap-default\">\n\t\t\t\t\t<div class=\"elementor-column elementor-col-50 elementor-inner-column elementor-element elementor-element-acfba72\" data-id=\"acfba72\" data-element_type=\"column\" data-e-type=\"column\">\n\t\t\t<div class=\"elementor-widget-wrap\">\n\t\t\t\t\t\t\t<\/div>\n\t\t<\/div>\n\t\t\t\t<div class=\"elementor-column elementor-col-50 elementor-inner-column elementor-element elementor-element-f513776\" data-id=\"f513776\" data-element_type=\"column\" data-e-type=\"column\">\n\t\t\t<div class=\"elementor-widget-wrap\">\n\t\t\t\t\t\t\t<\/div>\n\t\t<\/div>\n\t\t\t\t\t<\/div>\n\t\t<\/section>\n\t\t\t\t\t<\/div>\n\t\t<\/div>\n\t\t\t\t\t<\/div>\n\t\t<\/section>\n\t\t\t\t<\/div>","protected":false},"excerpt":{"rendered":"<p>Identificaci\u00f3n del responsable:\u00a0 ASOCIACI\u00d3N ESTUDIANTIL JUNIOR EMPRESA ATLAS (en adelante, ATLAS) con NIF G72683840\u00a0 y domicilio en Leandro Agirretxe Plazatxoa, 1, 20304, Irun, Espa\u00f1a.\u00a0 Contacto: info@nareteamcompany.com \u00bfQui\u00e9n es el Responsable del tratamiento de sus datos?\u00a0 La presente pol\u00edtica de privacidad aplica a todos los datos de car\u00e1cter personal que el interesado aporte a ATLAS, as\u00ed [&hellip;]<\/p>","protected":false},"author":1,"featured_media":0,"parent":0,"menu_order":0,"comment_status":"closed","ping_status":"closed","template":"","meta":{"footnotes":""},"class_list":["post-293","page","type-page","status-publish","hentry"],"_links":{"self":[{"href":"https:\/\/otterdigital.es\/en\/wp-json\/wp\/v2\/pages\/293","targetHints":{"allow":["GET"]}}],"collection":[{"href":"https:\/\/otterdigital.es\/en\/wp-json\/wp\/v2\/pages"}],"about":[{"href":"https:\/\/otterdigital.es\/en\/wp-json\/wp\/v2\/types\/page"}],"author":[{"embeddable":true,"href":"https:\/\/otterdigital.es\/en\/wp-json\/wp\/v2\/users\/1"}],"replies":[{"embeddable":true,"href":"https:\/\/otterdigital.es\/en\/wp-json\/wp\/v2\/comments?post=293"}],"version-history":[{"count":4,"href":"https:\/\/otterdigital.es\/en\/wp-json\/wp\/v2\/pages\/293\/revisions"}],"predecessor-version":[{"id":298,"href":"https:\/\/otterdigital.es\/en\/wp-json\/wp\/v2\/pages\/293\/revisions\/298"}],"wp:attachment":[{"href":"https:\/\/otterdigital.es\/en\/wp-json\/wp\/v2\/media?parent=293"}],"curies":[{"name":"wp","href":"https:\/\/api.w.org\/{rel}","templated":true}]}}