{"id":302,"date":"2023-12-15T11:15:30","date_gmt":"2023-12-15T11:15:30","guid":{"rendered":"https:\/\/otterdigital.es\/?page_id=302"},"modified":"2023-12-15T11:16:29","modified_gmt":"2023-12-15T11:16:29","slug":"politica-de-cookies","status":"publish","type":"page","link":"https:\/\/otterdigital.es\/en\/politica-de-cookies\/","title":{"rendered":"Cookie Policy"},"content":{"rendered":"<div data-elementor-type=\"wp-page\" data-elementor-id=\"302\" class=\"elementor elementor-302\" data-elementor-post-type=\"page\">\n\t\t\t\t\t\t<section class=\"elementor-section elementor-top-section elementor-element elementor-element-3554f40b elementor-section-content-middle elementor-section-boxed elementor-section-height-default elementor-section-height-default\" data-id=\"3554f40b\" data-element_type=\"section\" data-e-type=\"section\" data-settings=\"{&quot;background_background&quot;:&quot;classic&quot;}\">\n\t\t\t\t\t\t\t<div class=\"elementor-background-overlay\"><\/div>\n\t\t\t\t\t\t\t<div class=\"elementor-container elementor-column-gap-no\">\n\t\t\t\t\t<div class=\"elementor-column elementor-col-100 elementor-top-column elementor-element elementor-element-8d3e4c3\" data-id=\"8d3e4c3\" data-element_type=\"column\" data-e-type=\"column\">\n\t\t\t<div class=\"elementor-widget-wrap elementor-element-populated\">\n\t\t\t\t\t\t<div class=\"elementor-element elementor-element-64742f47 elementor-widget elementor-widget-theme-post-title elementor-page-title elementor-widget-heading\" data-id=\"64742f47\" data-element_type=\"widget\" data-e-type=\"widget\" data-widget_type=\"theme-post-title.default\">\n\t\t\t\t<div class=\"elementor-widget-container\">\n\t\t\t\t\t<h1 class=\"elementor-heading-title elementor-size-default\">Cookie Policy<\/h1>\t\t\t\t<\/div>\n\t\t\t\t<\/div>\n\t\t\t\t<div class=\"elementor-element elementor-element-48bf21d elementor-widget elementor-widget-text-editor\" data-id=\"48bf21d\" data-element_type=\"widget\" data-e-type=\"widget\" data-widget_type=\"text-editor.default\">\n\t\t\t\t<div class=\"elementor-widget-container\">\n\t\t\t\t\t\t\t\t\t<p><span style=\"font-weight: 400;\">La ASOCIACI\u00d3N ESTUDIANTIL JUNIOR EMPRESA ATLAS <\/span><span style=\"font-weight: 400;\">quieren informarle sobre el uso<\/span><span style=\"font-weight: 400;\"> de las cookies en sus sitios web.\u00a0<\/span><\/p><p><span style=\"font-weight: 400;\">Las cookies son archivos que se pueden descargar en su equipo a trav\u00e9s de las p\u00e1ginas<\/span> <span style=\"font-weight: 400;\">web. Son herramientas que tienen un papel esencial para la prestaci\u00f3n de numerosos<\/span> <span style=\"font-weight: 400;\">servicios de la sociedad de la informaci\u00f3n. Entre otros, permiten a un sitio web almacenar y<\/span> <span style=\"font-weight: 400;\">recuperar informaci\u00f3n sobre los h\u00e1bitos de navegaci\u00f3n de un usuario o de su equipo y,<\/span> <span style=\"font-weight: 400;\">dependiendo de la informaci\u00f3n obtenida, se pueden utilizar para reconocer al usuario y<\/span><span style=\"font-weight: 400;\"> mejorar el servicio ofrecido.\u00a0<\/span><\/p><p><b>Tipos de cookies\u00a0<\/b><\/p><p><span style=\"font-weight: 400;\">Se pueden distinguir dos tipos de cookies, seg\u00fan quien sea la entidad que gestione el<\/span> <span style=\"font-weight: 400;\">dominio desde donde se env\u00edan las cookies y trate los datos que se obtengan: <\/span><b>cookies<\/b><b> propias y cookies de terceros<\/b><span style=\"font-weight: 400;\">.\u00a0<\/span><\/p><p><span style=\"font-weight: 400;\">Adem\u00e1s, hablamos de <\/span><b>cookies de sesi\u00f3n o cookies permanentes, <\/b><span style=\"font-weight: 400;\">cuando se trata del<\/span><span style=\"font-weight: 400;\"> plazo de tiempo que permanecen almacenadas en el navegador del cliente.\u00a0<\/span><\/p><p><span style=\"font-weight: 400;\">Por \u00faltimo, existe otra clasificaci\u00f3n con cinco tipos de cookies seg\u00fan la finalidad para la que<\/span> <span style=\"font-weight: 400;\">se traten los datos obtenidos: <\/span><b>cookies t\u00e9cnicas, cookies de personalizaci\u00f3n, cookies de<\/b><b> an\u00e1lisis, cookies publicitarias y cookies de publicidad comportamental<\/b><span style=\"font-weight: 400;\">.\u00a0<\/span><\/p><p><span style=\"font-weight: 400;\">Quedan exceptuadas del cumplimiento de las obligaciones establecidas en el art\u00edculo 22.2<\/span> <span style=\"font-weight: 400;\">de la Ley 34\/2002, de 11 de julio, de servicios de la sociedad de la informaci\u00f3n y de comercio<\/span> <span style=\"font-weight: 400;\">electr\u00f3nico, en adelante LSSI, las cookies utilizadas para alguna de las siguientes<\/span><span style=\"font-weight: 400;\"> finalidades:\u00a0<\/span><\/p><p><span style=\"font-weight: 400;\">&#8211; Permitir \u00fanicamente la comunicaci\u00f3n entre el equipo del usuario y la red. &#8211; Estrictamente prestar un servicio expresamente solicitado por el usuario.\u00a0<\/span><\/p><p><span style=\"font-weight: 400;\">En este sentido el Grupo de Trabajo del Art\u00edculo 29 en su Dictamen 4\/2012 (Dictamen 4\/2012<\/span> <span style=\"font-weight: 400;\">sobre la exenci\u00f3n del requisito de consentimiento de Cookies,<\/span> <span style=\"font-weight: 400;\">http:\/\/ec.europa.eu\/justice\/data-protection\/article-29\/documentation\/opinion-recommendation\/f<\/span> <span style=\"font-weight: 400;\">iles\/2012\/wp194_es.pdf<\/span><span style=\"font-weight: 400;\">)<\/span><span style=\"font-weight: 400;\"> ha interpretado que entre las cookies exceptuadas estar\u00edan aquellas<\/span><span style=\"font-weight: 400;\"> que tienen por finalidad:\u00a0<\/span><\/p><p><span style=\"font-weight: 400;\">&#8211; Cookies de \u00abentrada del usuario\u00bb\u00a0<\/span><\/p><p><span style=\"font-weight: 400;\">&#8211; Cookies de autenticaci\u00f3n o identificaci\u00f3n de usuario (\u00fanicamente de sesi\u00f3n) &#8211; Cookies de seguridad del usuario\u00a0<\/span><\/p><p><span style=\"font-weight: 400;\">&#8211; Cookies de sesi\u00f3n de reproductor multimedia\u00a0<\/span><\/p><p><span style=\"font-weight: 400;\">&#8211; Cookies de sesi\u00f3n para equilibrar la carga\u00a0<\/span><\/p><p><span style=\"font-weight: 400;\">&#8211; Cookies de personalizaci\u00f3n de la interfaz de usuario<\/span><\/p><p><span style=\"font-weight: 400;\">&#8211; Cookies de complemento (plug-in) para intercambiar contenidos sociales\u00a0<\/span><\/p><p><span style=\"font-weight: 400;\">As\u00ed pues, puede entenderse que estas cookies quedan excluidas del \u00e1mbito de aplicaci\u00f3n del<\/span> <span style=\"font-weight: 400;\">art\u00edculo 22.2 de la LSSI, y por lo tanto, no ser\u00eda necesario informar ni obtener el<\/span><span style=\"font-weight: 400;\"> consentimiento sobre su uso.\u00a0<\/span><\/p><p><b>Cookies utilizadas en la web:<\/b><b>\u00a0<\/b><\/p><table><tbody><tr><td colspan=\"2\"><p><span style=\"font-weight: 400;\">Website<\/span><\/p><\/td><\/tr><tr><td><p><span style=\"font-weight: 400;\">cookillian_opt_*<\/span><\/p><\/td><td><p><span style=\"font-weight: 400;\">Esta cookie almacena sus preferencias con respecto al uso de cookies en este sitio web.<\/span><\/p><\/td><\/tr><tr><td colspan=\"2\"><p><span style=\"font-weight: 400;\">WordPress<\/span><\/p><\/td><\/tr><tr><td><p><span style=\"font-weight: 400;\">wordpress_test_cookie<\/span><\/p><\/td><td><p><span style=\"font-weight: 400;\">Esta cookie ayuda a determinar si no se puede almacenar cookies para WordPress<\/span><\/p><p><span style=\"font-weight: 400;\">Esta cookie se requiere para el funcionamiento de este sitio web.<\/span><\/p><\/td><\/tr><tr><td><p><span style=\"font-weight: 400;\">wp-settings-*<\/span><\/p><\/td><td><p><span style=\"font-weight: 400;\">Esta cookie ayuda a recordar sus preferencias personales dentro de WordPress.<\/span><\/p><\/td><\/tr><tr><td><p><span style=\"font-weight: 400;\">comment_author_*<\/span><\/p><\/td><td><p><span style=\"font-weight: 400;\">Esta cookie recuerda su \u00faltimo comentario, los detalles, tales como su nombre y direcci\u00f3n de correo electr\u00f3nico, de modo que usted no tendr\u00e1 que escribirla de nuevo.<\/span><\/p><\/td><\/tr><tr><td><p><span style=\"font-weight: 400;\">wordpress_*<\/span><\/p><\/td><td><p><span style=\"font-weight: 400;\">Esta autenticaci\u00f3n cookie almacena detalles de WordPress.<\/span><\/p><p><span style=\"font-weight: 400;\">Esta cookie se requiere para el funcionamiento de este sitio web.<\/span><\/p><\/td><\/tr><\/tbody><\/table><p><br \/><span style=\"font-weight: 400;\"><br \/><\/span><\/p><p><b>Aceptaci\u00f3n de la Pol\u00edtica de cookies<\/b><b>\u00a0<\/b><\/p><p><span style=\"font-weight: 400;\">ASOCIACI\u00d3N ESTUDIANTIL JUNIOR EMPRESA ATLAS <\/span><span style=\"font-weight: 400;\">asume que usted acepta el uso de<\/span> <span style=\"font-weight: 400;\">cookies. No obstante, muestra informaci\u00f3n sobre su Pol\u00edtica de cookies en la parte inferior de<\/span> <span style=\"font-weight: 400;\">cualquier p\u00e1gina de los sitios web con cada inicio de sesi\u00f3n con el objeto de que usted sea<\/span> <span style=\"font-weight: 400;\">consciente.<\/span><span style=\"font-weight: 400;\">\u00a0<\/span><\/p><p><span style=\"font-weight: 400;\">Ante esta informaci\u00f3n es posible llevar a cabo las siguientes acciones:<\/span><span style=\"font-weight: 400;\">\u00a0<\/span><\/p><p><b>Aceptar cookies. <\/b><span style=\"font-weight: 400;\">No se volver\u00e1 a visualizar este aviso al acceder a cualquier p\u00e1gina de los<\/span> <span style=\"font-weight: 400;\">sitios web durante la presente sesi\u00f3n.<\/span><\/p><p><b>No aceptar. <\/b><span style=\"font-weight: 400;\">La web no funcionar\u00e1 correctamente y no se podr\u00e1 navegar por ella.<\/span> <b>Modificar su configuraci\u00f3n:<\/b><b>\u00a0<\/b><\/p><p><span style=\"font-weight: 400;\">C\u00f3mo modificar la configuraci\u00f3n de las cookies<\/span><span style=\"font-weight: 400;\">\u00a0<\/span><\/p><p><span style=\"font-weight: 400;\">Usted puede restringir, bloquear o borrar las cookies de <\/span><span style=\"font-weight: 400;\">ASOCIACI\u00d3N ESTUDIANTIL<\/span> <span style=\"font-weight: 400;\">JUNIOR EMPRESA ATLAS <\/span><span style=\"font-weight: 400;\">o cualquier otro sitio web, utilizando su navegador. En cada<\/span><span style=\"font-weight: 400;\"> navegador la operativa es diferente, la funci\u00f3n de \u2018Ayuda\u201d le mostrar\u00e1 c\u00f3mo hacerlo.\u00a0<\/span><\/p><p><b>Internet Explorer:<\/b> <span style=\"font-weight: 400;\">windows.microsoft.com\/es-xl\/internet-explorer\/delete-manage-cookies#ie=\u201die-10\u2033<\/span><span style=\"font-weight: 400;\">\u00a0<\/span><\/p><p><b>FireFox: <\/b><span style=\"font-weight: 400;\">support.mozilla.org\/es\/kb\/Borrar%20cookies<\/span><span style=\"font-weight: 400;\">\u00a0<\/span><\/p><p><b>Chrome: <\/b><span style=\"font-weight: 400;\">support.google.com\/chrome\/answer\/95647?hl=\u201des\u201d<\/span><span style=\"font-weight: 400;\">\u00a0<\/span><\/p><p><b>Safari: <\/b><span style=\"font-weight: 400;\">www.apple.com\/es\/privacy\/use-of-cookies\/<\/span><span style=\"font-weight: 400;\">\u00a0<\/span><\/p><p><span style=\"font-weight: 400;\">Adem\u00e1s, tambi\u00e9n puede gestionar el almac\u00e9n de cookies en su navegador a trav\u00e9s de<\/span><span style=\"font-weight: 400;\"> herramientas como las siguientes:\u00a0<\/span><\/p><p><span style=\"font-weight: 400;\">Ghostery: <\/span><span style=\"font-weight: 400;\">www.ghostery.com\/<\/span><span style=\"font-weight: 400;\">\u00a0<\/span><\/p><p><span style=\"font-weight: 400;\">Your online choices: <\/span><span style=\"font-weight: 400;\">www.youronlinechoices.com\/es\/<\/span><\/p>\t\t\t\t\t\t\t\t<\/div>\n\t\t\t\t<\/div>\n\t\t\t\t\t<\/div>\n\t\t<\/div>\n\t\t\t\t\t<\/div>\n\t\t<\/section>\n\t\t\t\t<\/div>","protected":false},"excerpt":{"rendered":"<p>La ASOCIACI\u00d3N ESTUDIANTIL JUNIOR EMPRESA ATLAS quieren informarle sobre el uso de las cookies en sus sitios web.\u00a0 Las cookies son archivos que se pueden descargar en su equipo a trav\u00e9s de las p\u00e1ginas web. Son herramientas que tienen un papel esencial para la prestaci\u00f3n de numerosos servicios de la sociedad de la informaci\u00f3n. Entre [&hellip;]<\/p>","protected":false},"author":1,"featured_media":0,"parent":0,"menu_order":0,"comment_status":"closed","ping_status":"closed","template":"","meta":{"footnotes":""},"class_list":["post-302","page","type-page","status-publish","hentry"],"_links":{"self":[{"href":"https:\/\/otterdigital.es\/en\/wp-json\/wp\/v2\/pages\/302","targetHints":{"allow":["GET"]}}],"collection":[{"href":"https:\/\/otterdigital.es\/en\/wp-json\/wp\/v2\/pages"}],"about":[{"href":"https:\/\/otterdigital.es\/en\/wp-json\/wp\/v2\/types\/page"}],"author":[{"embeddable":true,"href":"https:\/\/otterdigital.es\/en\/wp-json\/wp\/v2\/users\/1"}],"replies":[{"embeddable":true,"href":"https:\/\/otterdigital.es\/en\/wp-json\/wp\/v2\/comments?post=302"}],"version-history":[{"count":4,"href":"https:\/\/otterdigital.es\/en\/wp-json\/wp\/v2\/pages\/302\/revisions"}],"predecessor-version":[{"id":306,"href":"https:\/\/otterdigital.es\/en\/wp-json\/wp\/v2\/pages\/302\/revisions\/306"}],"wp:attachment":[{"href":"https:\/\/otterdigital.es\/en\/wp-json\/wp\/v2\/media?parent=302"}],"curies":[{"name":"wp","href":"https:\/\/api.w.org\/{rel}","templated":true}]}}